{"id":108,"date":"2014-01-27T22:41:04","date_gmt":"2014-01-27T22:41:04","guid":{"rendered":"http:\/\/www.orebicapartments.com\/main-3\/"},"modified":"2016-01-13T11:17:12","modified_gmt":"2016-01-13T10:17:12","slug":"main-3","status":"publish","type":"page","link":"https:\/\/www.orebicapartments.com\/","title":{"rendered":"Po\u010detna"},"content":{"rendered":"<div class=\"art-content-layout\">\n<div class=\"art-content-layout-row\">\n<div class=\"art-layout-cell layout-item-0\" style=\"width: 100%;\">\n<p style=\"text-align: left;\"><span style=\"font-weight: bold; font-family: 'Comic Sans MS'; font-size: 16px; color: #0b8bcb;\">DOBRODO\u0160LI U APARTMANE KATICA<\/span><\/p>\n<p><span style=\"font-weight: bold;\">\u00a0<\/span><\/p>\n<p><span style=\"font-weight: bold; font-style: italic;\">Apartmani Katica se nalaze u slikovitom gradi\u0107u Orebi\u0107, gradi\u0107u kapetana i mornara.<\/span><\/p>\n<p><span style=\"font-weight: bold; font-style: italic;\">Gostima nudi \u010distu, netaknutu prirodu i stoljetna stabla \u010dempresa, maslina, agava i cvije\u0107a.<\/span><\/p>\n<p><span style=\"font-weight: bold; font-style: italic;\">Po dolasku, svakog na\u0161eg gosta po\u010dastimo doma\u0107im vinom i rakijom.<\/span><\/p>\n<p><span style=\"font-weight: bold; font-style: italic;\">Mogu\u0107nost izleta u Dubrovnik, Mljet sa vodi\u0107em na njema\u010dkom\/hrvatskom jeziku.<\/span><\/p>\n<p><span style=\"font-weight: bold; font-style: italic;\">Takodjer za na\u0161e goste nudimo besplatan pristup internetu.<\/span><\/p>\n<\/div>\n<\/div>\n<\/div>\n<div class=\"art-content-layout\">\n<div class=\"art-content-layout-row\">\n<div class=\"art-layout-cell layout-item-0\" style=\"width: 33%;\"><img loading=\"lazy\" decoding=\"async\" class=\"art-lightbox\" style=\"border-width: 0px; margin: 0px;\" alt=\"\" src=\"http:\/\/www.orebicapartments.com\/wp-content\/uploads\/2013\/01\/.\/images\/DSC_5862.jpg\" width=\"216\" height=\"144\" \/><\/div>\n<div class=\"art-layout-cell layout-item-1\" style=\"width: 34%;\"><img loading=\"lazy\" decoding=\"async\" class=\"art-lightbox\" style=\"border-width: 0px; margin: 0px;\" alt=\"\" src=\"http:\/\/www.orebicapartments.com\/wp-content\/uploads\/2013\/01\/.\/images\/DSC_5868.jpg\" width=\"216\" height=\"144\" \/><\/div>\n<div class=\"art-layout-cell layout-item-2\" style=\"width: 33%;\"><img loading=\"lazy\" decoding=\"async\" class=\"art-lightbox\" style=\"border-width: 0px; margin: 0px;\" alt=\"\" src=\"http:\/\/www.orebicapartments.com\/wp-content\/uploads\/2013\/01\/.\/images\/DSC_5873.jpg\" width=\"212\" height=\"145\" \/><\/div>\n<\/div>\n<\/div>\n<div class=\"art-content-layout\">\n<div class=\"art-content-layout-row\">\n<div class=\"art-layout-cell layout-item-0\" style=\"width: 100%;\">\n<p style=\"text-align: left;\"><span style=\"color: #1fb9d1; font-size: 16px; font-style: italic; font-weight: bold; text-align: center; background-color: rgba(255, 255, 255, 0.199219);\">Apartmani Katica<\/span><\/p>\n<p style=\"text-align: left;\"><span style=\"font-style: italic; font-weight: bold;\">nalaze se u blizini turisti\u010dkog kompleksa sa tri hotela, u najljep\u0161em dijelu Orebi\u0107a, okru\u017eenom vilama i borovom \u0161umom. Pogledom se pru\u017ea na plavetnilo mora i oto\u010dje Pelje\u0161ke rivijere. Prekrasne pla\u017ee udaljene su samo 100m, prodajnog centra 150m, restorana 150m, bazena 100m Za svoje goste imamo i osiguran parking isped njihovog apartmana.<\/span><span style=\"color: #1fb9d1; font-size: 16px; font-style: italic; font-weight: bold;\"><br \/>\n<\/span><\/p>\n<\/div>\n<\/div>\n<\/div>\n<div class=\"art-content-layout\">\n<div class=\"art-content-layout-row\">\n<div class=\"art-layout-cell layout-item-0\" style=\"width: 50%;\">\n<h3 style=\"background-color: rgba(255, 255, 255, 0.199219); text-align: center;\">NA\u0160I APARTMANI<\/h3>\n<h3>\u00a0 \u00a0 \u00a0 \u00a0 \u00a0 \u00a0 \u00a0 \u00a0 \u00a0 \u00a0 \u00a0 <span style=\"color: #2d3539; font-family: Arial, 'Arial Unicode MS', Helvetica, sans-serif; font-size: 13px; font-weight: bold;\">APARTMAN 4+0<\/span><\/h3>\n<p style=\"text-align: center;\"><img decoding=\"async\" alt=\"\" src=\"http:\/\/www.orebicapartments.com\/3star_app.gif\" \/><\/p>\n<p><span style=\"color: #2d3539; font-family: Arial, 'Arial Unicode MS', Helvetica, sans-serif; font-size: 13px; font-weight: bold;\"><img loading=\"lazy\" decoding=\"async\" class=\"art-lightbox\" style=\"border-width: 3px; border-color: #bbc5c9; border-style: solid;\" alt=\"\" src=\"http:\/\/www.orebicapartments.com\/wp-content\/uploads\/2013\/01\/.\/images\/DSC_5902-2.jpg\" width=\"299\" height=\"200\" \/><\/span><\/p>\n<p><span style=\"color: #2d3539; font-family: Arial, 'Arial Unicode MS', Helvetica, sans-serif; font-size: 13px; font-weight: bold;\">\u00a0 \u00a0 \u00a0 \u00a0 \u00a0 \u00a0 \u00a0 \u00a0 \u00a0 \u00a0 \u00a0 \u00a0 \u00a0 \u00a0 \u00a0 \u00a0 \u00a0 \u00a0\u00a0<\/span><\/p>\n<ul>\n<li><span style=\"font-weight: bold;\">Apartman 4+0<br \/>\n<\/span>Apartman se sastoji od dvije sobe sa duplim krevetima, kuhinjom sa svim potrebnim elementima, balkonom sa pogledom na more, SAT-Tv, Wi-Fi,klimom&#8230;<\/li>\n<\/ul>\n<p><span style=\"color: #2d3539;\">\u00a0 \u00a0 \u00a0 \u00a0 \u00a0 \u00a0 \u00a0 \u00a0 \u00a0 \u00a0 \u00a0 \u00a0 \u00a0 \u00a0 \u00a0 \u00a0\u00a0<\/span><\/p>\n<h3><span style=\"color: #2d3539; font-family: Arial, 'Arial Unicode MS', Helvetica, sans-serif; font-size: 13px; font-weight: bold;\">\u00a0 \u00a0 \u00a0 \u00a0 \u00a0 \u00a0 \u00a0 \u00a0 \u00a0 \u00a0 \u00a0 \u00a0 \u00a0APARTMAN 2+0<\/span><\/h3>\n<p style=\"text-align: center;\"><img decoding=\"async\" alt=\"\" src=\"http:\/\/www.orebicapartments.com\/3star_app.gif\" \/><\/p>\n<p><span style=\"color: #2d3539;\">\u00a0 \u00a0 \u00a0 \u00a0 \u00a0 \u00a0 \u00a0 \u00a0 \u00a0 \u00a0 \u00a0 \u00a0 \u00a0 \u00a0 \u00a0 \u00a0 \u00a0 \u00a0<img loading=\"lazy\" decoding=\"async\" class=\"art-lightbox\" style=\"border-width: 3px; border-color: #bbc5c9; border-style: solid;\" alt=\"\" src=\"http:\/\/www.orebicapartments.com\/wp-content\/uploads\/2013\/01\/.\/images\/DSC_5913-2.jpg\" width=\"299\" height=\"200\" \/><\/span><\/p>\n<ul>\n<li><span style=\"font-weight: bold;\">Apartman 2+0<br \/>\n<\/span>Apartman 2+0 se sasoji od jedne spava\u0107e sobe sa duplim krevetom,kuhinjom sa terasom, kupatilom, SAT-Tv, Wi-Fi,klimom &#8230;<\/li>\n<\/ul>\n<\/div>\n<div class=\"art-layout-cell layout-item-0\" style=\"width: 50%;\">\n<h3>\u00a0 \u00a0 \u00a0 \u00a0 \u00a0APARTMAN 4+0 CJENIK<\/h3>\n<table class=\"art-article\" border=\"0\" cellspacing=\"0\" cellpadding=\"0\">\n<tbody>\n<tr>\n<td style=\"width: 74px;\"><span style=\"font-weight: bold;\">\u00a0 Termin<\/span><\/td>\n<td style=\"width: 153px;\"><span style=\"font-weight: bold;\">\u00a0 \u00a0 Boravi\u0161na Taksa<\/span><\/td>\n<td style=\"width: 73px;\"><span style=\"font-weight: bold;\">\u00a0 \u00a0Cjena<\/span><\/td>\n<\/tr>\n<tr>\n<td>01.05-30.05<\/td>\n<td>\u00a0 \u00a0 Uklju\u010dena u cjenu<\/td>\n<td>\u00a0 \u00a0 \u00a050\u20ac<\/td>\n<\/tr>\n<tr>\n<td>01.06-30.06<\/p>\n<p>01.09-01.10<\/td>\n<td>\u00a0 \u00a0 Uklju\u010dena u cjenu<\/td>\n<td>\u00a0 \u00a0 \u00a055\u20ac<\/td>\n<\/tr>\n<tr>\n<td>01.07-31.08<\/td>\n<td>\u00a0 \u00a0 Uklju\u010dena u cjenu<\/td>\n<td>\u00a0 \u00a0 \u00a0 65\u20ac<\/td>\n<\/tr>\n<tr>\n<td><\/td>\n<\/tr>\n<\/tbody>\n<\/table>\n<h3><\/h3>\n<h3>\u00a0 \u00a0 \u00a0 \u00a0 \u00a0APARTMAN 2+0 CJENIK<\/h3>\n<table class=\"art-article\" border=\"0\" cellspacing=\"0\" cellpadding=\"0\">\n<tbody>\n<tr>\n<td style=\"width: 74px;\"><span style=\"font-weight: bold;\">\u00a0 Termin<\/span><\/td>\n<td style=\"width: 153px;\"><span style=\"font-weight: bold;\">\u00a0 \u00a0 Boravi\u0161na Taksa<\/span><\/td>\n<td style=\"width: 73px;\"><span style=\"font-weight: bold;\">\u00a0 \u00a0Cjena<\/span><\/td>\n<\/tr>\n<tr>\n<td>01.05-30.05<\/td>\n<td>\u00a0 \u00a0 Uklju\u010dena u cjenu<\/td>\n<td>\u00a0 \u00a0 \u00a025\u20ac<\/td>\n<\/tr>\n<tr>\n<td>01.06-30.06<\/p>\n<p>01.09-01.10<\/td>\n<td>\u00a0 \u00a0 Uklju\u010dena u cjenu<\/td>\n<td>\u00a0 \u00a0 \u00a033\u20ac<\/td>\n<\/tr>\n<tr>\n<td>01.07-31.08<\/td>\n<td>\u00a0 \u00a0 Uklju\u010dena u cjenu<\/td>\n<td>\u00a0 \u00a0 \u00a0 40\u20ac<\/td>\n<\/tr>\n<tr>\n<td><\/td>\n<\/tr>\n<\/tbody>\n<\/table>\n<\/div>\n<\/div>\n<\/div>\n","protected":false},"excerpt":{"rendered":"<p>DOBRODO\u0160LI U APARTMANE KATICA \u00a0 Apartmani Katica se nalaze u slikovitom gradi\u0107u Orebi\u0107, gradi\u0107u kapetana i mornara. Gostima nudi \u010distu, netaknutu prirodu i stoljetna stabla \u010dempresa, maslina, agava i cvije\u0107a. Po dolasku, svakog na\u0161eg gosta po\u010dastimo doma\u0107im vinom i rakijom. Mogu\u0107nost izleta u Dubrovnik, Mljet sa vodi\u0107em na njema\u010dkom\/hrvatskom jeziku. Takodjer za na\u0161e goste nudimo [&hellip;]<\/p>\n","protected":false},"author":1,"featured_media":0,"parent":0,"menu_order":1,"comment_status":"closed","ping_status":"open","template":"","meta":{"footnotes":""},"class_list":["post-108","page","type-page","status-publish","hentry"],"aioseo_notices":[],"_links":{"self":[{"href":"https:\/\/www.orebicapartments.com\/index.php?rest_route=\/wp\/v2\/pages\/108","targetHints":{"allow":["GET"]}}],"collection":[{"href":"https:\/\/www.orebicapartments.com\/index.php?rest_route=\/wp\/v2\/pages"}],"about":[{"href":"https:\/\/www.orebicapartments.com\/index.php?rest_route=\/wp\/v2\/types\/page"}],"author":[{"embeddable":true,"href":"https:\/\/www.orebicapartments.com\/index.php?rest_route=\/wp\/v2\/users\/1"}],"replies":[{"embeddable":true,"href":"https:\/\/www.orebicapartments.com\/index.php?rest_route=%2Fwp%2Fv2%2Fcomments&post=108"}],"version-history":[{"count":35,"href":"https:\/\/www.orebicapartments.com\/index.php?rest_route=\/wp\/v2\/pages\/108\/revisions"}],"predecessor-version":[{"id":367,"href":"https:\/\/www.orebicapartments.com\/index.php?rest_route=\/wp\/v2\/pages\/108\/revisions\/367"}],"wp:attachment":[{"href":"https:\/\/www.orebicapartments.com\/index.php?rest_route=%2Fwp%2Fv2%2Fmedia&parent=108"}],"curies":[{"name":"wp","href":"https:\/\/api.w.org\/{rel}","templated":true}]}}