{"id":111,"date":"2014-01-27T22:41:07","date_gmt":"2014-01-27T22:41:07","guid":{"rendered":"http:\/\/www.orebicapartments.com\/rezervacija-3\/"},"modified":"2016-01-13T11:09:42","modified_gmt":"2016-01-13T10:09:42","slug":"rezervacija-3","status":"publish","type":"page","link":"https:\/\/www.orebicapartments.com\/?page_id=111","title":{"rendered":"Rezervacija"},"content":{"rendered":"<div class=\"art-content-layout\">\n<div class=\"art-content-layout-row\">\n<div class=\"art-layout-cell layout-item-0\" style=\"width: 100%;\">\n<p style=\"background-color: rgba(255, 255, 255, 0.199219); text-align: left;\"><span style=\"color: #777799; font-family: Verdana, Arial, Helvetica, sans-serif; font-size: 11px; font-weight: bold; line-height: 15px;\">U cjenu je uklju\u010deno \u010di\u0161\u0107enje apartmana svako dva dana<\/span><\/p>\n<ul style=\"background-color: rgba(255, 255, 255, 0.199219); color: #777799; font-family: Verdana, Arial, Helvetica, sans-serif; line-height: 15.383333206176758px; text-align: left;\">\n<li><span style=\"font-size: 12px;\">Boravi\u0161na taksa je uklju\u010dena u cijenu<\/span><\/li>\n<li><span style=\"font-size: 12px;\">Check IN: 13:00<\/span><\/li>\n<li><span style=\"font-size: 12px;\">Check OUT: 10:00<\/span><\/li>\n<\/ul>\n<p style=\"background-color: rgba(255, 255, 255, 0.199219);\"><span style=\"color: #27a2d3;\">\u00a0Apartman 4+0<\/span><\/p>\n<table class=\"art-article\" border=\"0\" cellspacing=\"0\" cellpadding=\"0\">\n<tbody>\n<tr>\n<td style=\"width: 74px;\"><span style=\"font-weight: bold;\">\u00a0 Termin<\/span><\/td>\n<td style=\"width: 153px;\"><span style=\"font-weight: bold;\">\u00a0 \u00a0 \u00a0 \u00a0Borav. Taksa<\/span><\/td>\n<td style=\"width: 73px;\"><span style=\"font-weight: bold;\">\u00a0 \u00a0Cjena<\/span><\/td>\n<\/tr>\n<tr>\n<td>01.05-30.05<\/td>\n<td>\u00a0 \u00a0 \u00a0Uklju\u010dena u cjenu<\/td>\n<td>\u00a0 \u00a0 \u00a050\u20ac<\/td>\n<\/tr>\n<tr>\n<td>01.06-30.06<\/p>\n<p>01.09-01.10<\/td>\n<td>\u00a0 \u00a0 \u00a0Uklju\u010dena u cjenu<\/td>\n<td>\u00a0 \u00a0 \u00a055\u20ac<\/td>\n<\/tr>\n<tr>\n<td>01.07-31.08<\/td>\n<td>\u00a0 \u00a0 \u00a0Uklju\u010dena u cjenu<\/td>\n<td>\u00a0 \u00a0 \u00a065\u20ac<\/td>\n<\/tr>\n<tr>\n<td><\/td>\n<td><\/td>\n<td><\/td>\n<\/tr>\n<\/tbody>\n<\/table>\n<p style=\"background-color: rgba(255, 255, 255, 0.199219);\">\u00a0\u00a0<span style=\"color: #27a2d3;\">Apartman 2+0<\/span><\/p>\n<table class=\"art-article\" border=\"0\" cellspacing=\"0\" cellpadding=\"0\">\n<tbody>\n<tr>\n<td style=\"width: 74px;\"><span style=\"font-weight: bold;\">\u00a0 Termin<\/span><\/td>\n<td style=\"width: 153px;\"><span style=\"font-weight: bold;\">\u00a0 \u00a0 \u00a0 \u00a0Borav. Taksa<\/span><\/td>\n<td style=\"width: 73px;\"><span style=\"font-weight: bold;\">\u00a0 \u00a0Cjena<\/span><\/td>\n<\/tr>\n<tr>\n<td>01.05-30.05<\/td>\n<td>\u00a0 \u00a0 \u00a0Uklju\u010dena u cjenu<\/td>\n<td>\u00a0 \u00a0 \u00a025\u20ac<\/td>\n<\/tr>\n<tr>\n<td>01.06-30.06<\/p>\n<p>01.09-01.10<\/td>\n<td>\u00a0 \u00a0 \u00a0Uklju\u010dena u cjenu<\/td>\n<td>\u00a0 \u00a0 \u00a033\u20ac<\/td>\n<\/tr>\n<tr>\n<td>01.07-31.08<\/td>\n<td>\u00a0 \u00a0 \u00a0Uklju\u010dena u cjenu<\/td>\n<td>\u00a0 \u00a0 \u00a040\u20ac<\/td>\n<\/tr>\n<tr>\n<td><\/td>\n<td><\/td>\n<td><\/td>\n<\/tr>\n<\/tbody>\n<\/table>\n<p><span style=\"font-style: italic;\">Ukoliko \u017eelite rezervirati termin mo\u017eete uplatiti 100\u20ac od ukupnog iznosa va\u0161eg boravka na na\u0161 ra\u010dun u banci, a ostatak prvi dan nakon dolaska u na\u0161e apartmane. Kopiju uplatnice mo\u017eete poslati faksom ili na na\u0161u e-mail adresu. Tako ste izvr\u0161ili potpunu rezervaciju i va\u0161 apartman vas \u010deka u dogovoreno vrijeme.<\/span><\/p>\n<p style=\"background-color: rgba(255, 255, 255, 0.199219);\"><span style=\"color: #e2341d; font-size: 14px; font-weight: bold;\">Podaci za pla\u010danje<br \/>\n<\/span><\/p>\n<p><strong style=\"color: #777799; font-family: Verdana, Arial, Helvetica, sans-serif; font-size: 11px; text-align: left;\">Iznos kapare:<\/strong><span style=\"color: #777799; font-family: Verdana, Arial, Helvetica, sans-serif; font-size: 11px; text-align: left; background-color: #ffffff;\">\u00a0100\u20ac<\/span><\/p>\n<p><strong style=\"color: #777799; font-family: Verdana, Arial, Helvetica, sans-serif; font-size: 11px; text-align: left;\">Devizni \u017eiro ra\u010dun:<\/strong><\/p>\n<p style=\"background-color: rgba(255, 255, 255, 0.199219);\"><span style=\"color: #777799; font-family: Verdana, Arial, Helvetica, sans-serif; font-size: 11px; text-align: left; background-color: #ffffff;\">OTP Banka d.d.\u00a0<\/span><\/p>\n<p><span style=\"color: #777799; font-family: Verdana, Arial, Helvetica, sans-serif; font-size: 11px; text-align: left; background-color: #ffffff;\">Domovinskog rata 3\u00a0<\/span><\/p>\n<p><span style=\"color: #777799; font-family: Verdana, Arial, Helvetica, sans-serif; font-size: 11px; text-align: left; background-color: #ffffff;\">Zadar\u00a0<\/span><\/p>\n<p><span style=\"color: #777799; font-family: Verdana, Arial, Helvetica, sans-serif; font-size: 11px; text-align: left; background-color: #ffffff;\">acc: 3102806235\u00a0<\/span><\/p>\n<p><span style=\"color: #777799; font-family: Verdana, Arial, Helvetica, sans-serif; font-size: 11px; text-align: left; background-color: #ffffff;\">IBAN: HR8324070003102806235\u00a0<\/span><\/p>\n<p><span style=\"color: #777799; font-family: Verdana, Arial, Helvetica, sans-serif; font-size: 11px; text-align: left; background-color: #ffffff;\">SWIFT BIC: OTPVHR2X<\/span><\/p>\n<p style=\"background-color: rgba(255, 255, 255, 0.199219); text-align: left;\"><span style=\"font-weight: bold;\">\u00a0Platite sigurno i lako bez dodatnih tro\u0161kova putem paypal linka:<\/span><\/p>\n<p><span style=\"font-weight: bold;\">\u00a0<\/span><input type=\"image\" alt=\"PayPal - The safer, easier way to pay online!\" name=\"submit\" src=\"https:\/\/www.paypalobjects.com\/en_US\/i\/btn\/btn_paynowCC_LG.gif\" \/><\/p>\n<form action=\"https:\/\/www.paypal.com\/cgi-bin\/webscr\" method=\"post\" target=\"_top\"><img loading=\"lazy\" decoding=\"async\" alt=\"\" src=\"https:\/\/www.paypalobjects.com\/en_US\/i\/scr\/pixel.gif\" width=\"1\" height=\"1\" border=\"0\" \/><\/form>\n<\/div>\n<\/div>\n<\/div>\n<div class=\"art-content-layout\">\n<div class=\"art-content-layout-row\">\n<div class=\"art-layout-cell layout-item-0\" style=\"width: 50%;\">\n<table class=\"art-article\" style=\"width: 100%;\" border=\"0\" cellspacing=\"0\" cellpadding=\"0\">\n<tbody>\n<tr>\n<td style=\"width: 100px; text-align: center;\"><\/td>\n<td style=\"text-align: center;\"><\/td>\n<td style=\"width: 50px; text-align: center;\"><\/td>\n<\/tr>\n<\/tbody>\n<\/table>\n<\/div>\n<div class=\"art-layout-cell layout-item-0\" style=\"width: 50%;\">\n<table class=\"art-article\" style=\"width: 100%;\" border=\"0\" cellspacing=\"0\" cellpadding=\"0\">\n<tbody>\n<tr>\n<td style=\"width: 200px; text-align: center;\"><\/td>\n<td style=\"text-align: center;\"><\/td>\n<td style=\"text-align: center;\"><\/td>\n<\/tr>\n<\/tbody>\n<\/table>\n<\/div>\n<\/div>\n<\/div>\n","protected":false},"excerpt":{"rendered":"<p>U cjenu je uklju\u010deno \u010di\u0161\u0107enje apartmana svako dva dana Boravi\u0161na taksa je uklju\u010dena u cijenu Check IN: 13:00 Check OUT: 10:00 \u00a0Apartman 4+0 \u00a0 Termin \u00a0 \u00a0 \u00a0 \u00a0Borav. Taksa \u00a0 \u00a0Cjena 01.05-30.05 \u00a0 \u00a0 \u00a0Uklju\u010dena u cjenu \u00a0 \u00a0 \u00a050\u20ac 01.06-30.06 01.09-01.10 \u00a0 \u00a0 \u00a0Uklju\u010dena u cjenu \u00a0 \u00a0 \u00a055\u20ac 01.07-31.08 \u00a0 \u00a0 \u00a0Uklju\u010dena [&hellip;]<\/p>\n","protected":false},"author":1,"featured_media":0,"parent":0,"menu_order":4,"comment_status":"closed","ping_status":"open","template":"","meta":{"footnotes":""},"class_list":["post-111","page","type-page","status-publish","hentry"],"aioseo_notices":[],"_links":{"self":[{"href":"https:\/\/www.orebicapartments.com\/index.php?rest_route=\/wp\/v2\/pages\/111","targetHints":{"allow":["GET"]}}],"collection":[{"href":"https:\/\/www.orebicapartments.com\/index.php?rest_route=\/wp\/v2\/pages"}],"about":[{"href":"https:\/\/www.orebicapartments.com\/index.php?rest_route=\/wp\/v2\/types\/page"}],"author":[{"embeddable":true,"href":"https:\/\/www.orebicapartments.com\/index.php?rest_route=\/wp\/v2\/users\/1"}],"replies":[{"embeddable":true,"href":"https:\/\/www.orebicapartments.com\/index.php?rest_route=%2Fwp%2Fv2%2Fcomments&post=111"}],"version-history":[{"count":13,"href":"https:\/\/www.orebicapartments.com\/index.php?rest_route=\/wp\/v2\/pages\/111\/revisions"}],"predecessor-version":[{"id":364,"href":"https:\/\/www.orebicapartments.com\/index.php?rest_route=\/wp\/v2\/pages\/111\/revisions\/364"}],"wp:attachment":[{"href":"https:\/\/www.orebicapartments.com\/index.php?rest_route=%2Fwp%2Fv2%2Fmedia&parent=111"}],"curies":[{"name":"wp","href":"https:\/\/api.w.org\/{rel}","templated":true}]}}