{"id":112,"date":"2014-01-27T22:41:08","date_gmt":"2014-01-27T22:41:08","guid":{"rendered":"http:\/\/www.orebicapartments.com\/photos-2-3\/"},"modified":"2014-02-06T08:12:10","modified_gmt":"2014-02-06T07:12:10","slug":"photos-2-3","status":"publish","type":"page","link":"https:\/\/www.orebicapartments.com\/?page_id=112","title":{"rendered":"Foto Galerija"},"content":{"rendered":"<div class=\"art-content-layout\">\n<div class=\"art-content-layout-row\">\n<div class=\"art-layout-cell layout-item-0\" style=\"width: 100%;\">\n<p style=\"font-weight: bold;\">Orebi\u0107 je mjesto pomorskih kapetana. Svojom idealnom pozicijom nalazi se na savr\u0161enom mjestu za Va\u0161 odmor. Na odmoru u Orebi\u0107u: \u2013 kupajte se \u2013 sun\u010dajte se \u2013 posjetite Pomorski muzej \u2013 posjetite Franjava\u010dki samostan s jednim od najljep\u0161ih vidikovaca na Mediteranu \u2013 planinarite Orebi\u0107 je mjesto gdje \u0107ete se sigurno odmoriti.<\/p>\n<p>&nbsp;<\/p>\n<\/div>\n<\/div>\n<\/div>\n<div class=\"art-content-layout\">\n<div class=\"art-content-layout-row\">\n<div class=\"art-layout-cell layout-item-0\" style=\"width: 50%;\"><img loading=\"lazy\" decoding=\"async\" class=\"art-lightbox\" style=\"border-width: 3px; border-color: #bbc5c9; border-style: solid;\" alt=\"\" src=\"http:\/\/www.orebicapartments.com\/wp-content\/uploads\/2014\/01\/.\/images\/1.jpg\" width=\"281\" height=\"192\" \/><\/div>\n<div class=\"art-layout-cell layout-item-0\" style=\"width: 50%;\"><img loading=\"lazy\" decoding=\"async\" class=\"art-lightbox\" style=\"border-width: 3px; border-color: #bbc5c9; border-style: solid;\" alt=\"\" src=\"http:\/\/www.orebicapartments.com\/wp-content\/uploads\/2014\/01\/.\/images\/3.jpg\" width=\"287\" height=\"196\" \/><\/div>\n<\/div>\n<\/div>\n<div class=\"art-content-layout\">\n<div class=\"art-content-layout-row\">\n<div class=\"art-layout-cell layout-item-0\" style=\"width: 50%;\"><img loading=\"lazy\" decoding=\"async\" class=\"art-lightbox\" style=\"border-width: 3px; border-color: #bbc5c9; border-style: solid;\" alt=\"\" src=\"http:\/\/www.orebicapartments.com\/wp-content\/uploads\/2014\/01\/.\/images\/4-4.jpg\" width=\"289\" height=\"174\" \/><img loading=\"lazy\" decoding=\"async\" class=\"art-lightbox\" style=\"border-width: 3px; border-color: #bbc5c9; border-style: solid;\" alt=\"\" src=\"http:\/\/www.orebicapartments.com\/wp-content\/uploads\/2014\/01\/.\/images\/DSC_5897.jpg\" width=\"288\" height=\"192\" \/><img loading=\"lazy\" decoding=\"async\" class=\"art-lightbox\" style=\"border-width: 3px; border-color: #bbc5c9; border-style: solid;\" alt=\"\" src=\"http:\/\/www.orebicapartments.com\/wp-content\/uploads\/2014\/01\/.\/images\/DSC_5887.jpg\" width=\"288\" height=\"192\" \/><img loading=\"lazy\" decoding=\"async\" class=\"art-lightbox\" style=\"border-width: 3px; border-color: #bbc5c9; border-style: solid;\" alt=\"\" src=\"http:\/\/www.orebicapartments.com\/wp-content\/uploads\/2014\/01\/.\/images\/DSC_5894.jpg\" width=\"288\" height=\"192\" \/><img loading=\"lazy\" decoding=\"async\" class=\"art-lightbox\" style=\"border-width: 3px; border-color: #bbc5c9; border-style: solid;\" alt=\"\" src=\"http:\/\/www.orebicapartments.com\/wp-content\/uploads\/2014\/01\/.\/images\/DSC_5913.jpg\" width=\"288\" height=\"192\" \/><img loading=\"lazy\" decoding=\"async\" class=\"art-lightbox\" style=\"border-width: 3px; border-color: #bbc5c9; border-style: solid;\" alt=\"\" src=\"http:\/\/www.orebicapartments.com\/wp-content\/uploads\/2014\/01\/.\/images\/DSC_5919.jpg\" width=\"288\" height=\"192\" \/><img loading=\"lazy\" decoding=\"async\" class=\"art-lightbox\" style=\"border-width: 3px; border-color: #bbc5c9; border-style: solid;\" alt=\"\" src=\"http:\/\/www.orebicapartments.com\/wp-content\/uploads\/2014\/01\/.\/images\/5.jpg\" width=\"288\" height=\"192\" \/><img loading=\"lazy\" decoding=\"async\" class=\"art-lightbox\" style=\"border-width: 3px; border-color: #bbc5c9; border-style: solid;\" alt=\"\" src=\"http:\/\/www.orebicapartments.com\/wp-content\/uploads\/2014\/01\/.\/images\/8.jpg\" width=\"288\" height=\"192\" \/><img loading=\"lazy\" decoding=\"async\" class=\"art-lightbox\" style=\"border-width: 3px; border-color: #bbc5c9; border-style: solid;\" alt=\"\" src=\"http:\/\/www.orebicapartments.com\/wp-content\/uploads\/2014\/01\/.\/images\/6.jpg\" width=\"288\" height=\"192\" \/><\/div>\n<div class=\"art-layout-cell layout-item-0\" style=\"width: 50%;\"><img loading=\"lazy\" decoding=\"async\" class=\"art-lightbox\" style=\"border-width: 3px; border-color: #bbc5c9; border-style: solid;\" alt=\"\" src=\"http:\/\/www.orebicapartments.com\/wp-content\/uploads\/2014\/01\/.\/images\/2-3.jpg\" width=\"288\" height=\"192\" \/><img loading=\"lazy\" decoding=\"async\" class=\"art-lightbox\" style=\"border-width: 3px; border-color: #bbc5c9; border-style: solid;\" alt=\"\" src=\"http:\/\/www.orebicapartments.com\/wp-content\/uploads\/2014\/01\/.\/images\/DSC_5902.jpg\" width=\"288\" height=\"192\" \/><img loading=\"lazy\" decoding=\"async\" class=\"art-lightbox\" style=\"border-width: 3px; border-color: #bbc5c9; border-style: solid;\" alt=\"\" src=\"http:\/\/www.orebicapartments.com\/wp-content\/uploads\/2014\/01\/.\/images\/DSC_5896.jpg\" width=\"288\" height=\"192\" \/> <img loading=\"lazy\" decoding=\"async\" class=\"art-lightbox\" style=\"border-width: 3px; border-color: #bbc5c9; border-style: solid;\" alt=\"\" src=\"http:\/\/www.orebicapartments.com\/wp-content\/uploads\/2014\/01\/.\/images\/DSC_5882.jpg\" width=\"288\" height=\"192\" \/><img loading=\"lazy\" decoding=\"async\" class=\"art-lightbox\" style=\"border-width: 3px; border-color: #bbc5c9; border-style: solid;\" alt=\"\" src=\"http:\/\/www.orebicapartments.com\/wp-content\/uploads\/2014\/01\/.\/images\/DSC_5881.jpg\" width=\"288\" height=\"192\" \/><img loading=\"lazy\" decoding=\"async\" class=\"art-lightbox\" style=\"border-width: 3px; border-color: #bbc5c9; border-style: solid;\" alt=\"\" src=\"http:\/\/www.orebicapartments.com\/wp-content\/uploads\/2014\/01\/.\/images\/DSC_5923.jpg\" width=\"288\" height=\"192\" \/><img loading=\"lazy\" decoding=\"async\" class=\"art-lightbox\" style=\"border-width: 3px; border-color: #bbc5c9; border-style: solid;\" alt=\"\" src=\"http:\/\/www.orebicapartments.com\/wp-content\/uploads\/2014\/01\/.\/images\/10.jpg\" width=\"288\" height=\"192\" \/><img loading=\"lazy\" decoding=\"async\" class=\"art-lightbox\" style=\"border-width: 3px; border-color: #bbc5c9; border-style: solid;\" alt=\"\" src=\"http:\/\/www.orebicapartments.com\/wp-content\/uploads\/2014\/01\/.\/images\/7.jpg\" width=\"288\" height=\"192\" \/><img loading=\"lazy\" decoding=\"async\" class=\"art-lightbox\" style=\"border-width: 3px; border-color: #bbc5c9; border-style: solid;\" alt=\"\" src=\"http:\/\/www.orebicapartments.com\/wp-content\/uploads\/2014\/01\/.\/images\/9.jpg\" width=\"288\" height=\"192\" \/><\/div>\n<\/div>\n<\/div>\n","protected":false},"excerpt":{"rendered":"<p>Orebi\u0107 je mjesto pomorskih kapetana. Svojom idealnom pozicijom nalazi se na savr\u0161enom mjestu za Va\u0161 odmor. Na odmoru u Orebi\u0107u: \u2013 kupajte se \u2013 sun\u010dajte se \u2013 posjetite Pomorski muzej \u2013 posjetite Franjava\u010dki samostan s jednim od najljep\u0161ih vidikovaca na Mediteranu \u2013 planinarite Orebi\u0107 je mjesto gdje \u0107ete se sigurno odmoriti. &nbsp;<\/p>\n","protected":false},"author":1,"featured_media":0,"parent":0,"menu_order":5,"comment_status":"closed","ping_status":"open","template":"","meta":{"footnotes":""},"class_list":["post-112","page","type-page","status-publish","hentry"],"aioseo_notices":[],"_links":{"self":[{"href":"https:\/\/www.orebicapartments.com\/index.php?rest_route=\/wp\/v2\/pages\/112","targetHints":{"allow":["GET"]}}],"collection":[{"href":"https:\/\/www.orebicapartments.com\/index.php?rest_route=\/wp\/v2\/pages"}],"about":[{"href":"https:\/\/www.orebicapartments.com\/index.php?rest_route=\/wp\/v2\/types\/page"}],"author":[{"embeddable":true,"href":"https:\/\/www.orebicapartments.com\/index.php?rest_route=\/wp\/v2\/users\/1"}],"replies":[{"embeddable":true,"href":"https:\/\/www.orebicapartments.com\/index.php?rest_route=%2Fwp%2Fv2%2Fcomments&post=112"}],"version-history":[{"count":8,"href":"https:\/\/www.orebicapartments.com\/index.php?rest_route=\/wp\/v2\/pages\/112\/revisions"}],"predecessor-version":[{"id":319,"href":"https:\/\/www.orebicapartments.com\/index.php?rest_route=\/wp\/v2\/pages\/112\/revisions\/319"}],"wp:attachment":[{"href":"https:\/\/www.orebicapartments.com\/index.php?rest_route=%2Fwp%2Fv2%2Fmedia&parent=112"}],"curies":[{"name":"wp","href":"https:\/\/api.w.org\/{rel}","templated":true}]}}