{"id":113,"date":"2014-01-27T22:41:09","date_gmt":"2014-01-27T22:41:09","guid":{"rendered":"http:\/\/www.orebicapartments.com\/about-4\/"},"modified":"2014-02-06T08:14:36","modified_gmt":"2014-02-06T07:14:36","slug":"about-4","status":"publish","type":"page","link":"https:\/\/www.orebicapartments.com\/?page_id=113","title":{"rendered":"Kako do nas?"},"content":{"rendered":"<div class=\"art-content-layout\">\n<div class=\"art-content-layout-row\">\n<div class=\"art-layout-cell layout-item-0\" style=\"width: 100%;\"><iframe loading=\"lazy\" src=\"https:\/\/maps.google.com\/maps?source=s_q&amp;hl=hr&amp;geocode=&amp;q=Apartments+Katica,+Ljube+Babi%C4%87a+7,&amp;aq=0&amp;oq=apart&amp;sll=42.975908,17.166256&amp;sspn=0.00167,0.00327&amp;t=h&amp;ie=UTF8&amp;hq=Apartments+Katica,+Ljube+Babi%C4%87a+7,&amp;hnear=Orebi%C4%87,+Dubrova%C4%8Dko-neretvanska+%C5%BEupanija,+Hrvatska&amp;ll=42.975861,17.16633&amp;spn=0.00334,0.006539&amp;z=14&amp;iwloc=A&amp;cid=5636072652067147376&amp;output=embed\" height=\"350\" width=\"425\" frameborder=\"0\" marginwidth=\"0\" marginheight=\"0\" scrolling=\"no\"><\/iframe><br \/>\n<small><a style=\"color: #0000ff; text-align: left;\" href=\"https:\/\/maps.google.com\/maps?source=embed&amp;hl=hr&amp;geocode=&amp;q=Apartments+Katica,+Ljube+Babi%C4%87a+7,&amp;aq=0&amp;oq=apart&amp;sll=42.975908,17.166256&amp;sspn=0.00167,0.00327&amp;t=h&amp;ie=UTF8&amp;hq=Apartments+Katica,+Ljube+Babi%C4%87a+7,&amp;hnear=Orebi%C4%87,+Dubrova%C4%8Dko-neretvanska+%C5%BEupanija,+Hrvatska&amp;ll=42.975861,17.16633&amp;spn=0.00334,0.006539&amp;z=14&amp;iwloc=A&amp;cid=5636072652067147376\">Prikaz ve\u0107e karte<\/a><\/small><\/p>\n<p><span style=\"font-weight: bold;\">Automobilom<\/span><\/p>\n<p>Ako putujete iz pravca Zagreba i Splita vozite se autoputem sve do Plo\u010da. Iz Plo\u010da do Trpnja ukrcajte se s automobilom na trajekt, te ste iz Trpnja za 20 minuta u Orebi\u0107u. Ukoliko ne preferirate vo\u017enju trajektom, nakon silaska s autoputa, vozite se oko 20 minuta do Jadranske magistrale, te se vozite na istok kroz Neum do skretanja na Pelje\u0161ac. Pelje\u0161kom cestom trebate oko sat vremena vo\u017enje do Orebi\u0107a.<\/p>\n<p><a href=\"http:\/\/www.hak.hr\">Hrvatski autoklub<\/a><br \/>\n<a href=\"http:\/\/www.hac.hr\/\">Hrvatske autoceste<\/a><\/p>\n<p><span style=\"font-weight: bold;\">Zrakoplovom<\/span><\/p>\n<p>Dolazite li iz ve\u0107ih europskih gradova, zra\u010dna luka u Dubrovniku Va\u0161 je najbolji izbor jer iz Dubrovnika vrlo brzo stignete do Orebi\u0107a. Iz zra\u010dne luke postoji mogu\u0107nost povoljnog transfera direktno do Apartmana Katica. Tako\u0111er mo\u017eete koristiti i rent-a-car ili taxi prijevoza.Udaljenost Orebi\u0107a od zra\u010dne luke je 125km.<\/p>\n<p><a href=\"http:\/\/www.croatiaairlines.com\/hr\/\">Croatia airlines<\/a><br \/>\n<a href=\"http:\/\/www.airport-dubrovnik.hr\/index.php\/hr\/\">Aerodrom Dubrovnik<\/a><\/p>\n<p><span style=\"font-weight: bold;\">Brodom<\/span><\/p>\n<p>Brodska du\u017eobalna linija povezuje Rijeku, Split i Dubrovnik, te pristaje i u Kor\u010duli tijekom ljetnih mjeseci. Iz Kor\u010dule do Orebi\u0107a mo\u017eete do\u0107i trajektom ili putni\u010dkom brodicom za petnaestak minuta. Katamaranska linija od Kor\u010dule do Splita svakodnevno najbr\u017ee povezuje ova dva grada, a lokalni brodar povezuje putni\u010dkom brodicom Orebi\u0107 s Kor\u010dulom prema rasporedu vo\u017enje katamarana. Vo\u017enja do Orebi\u0107a iz Kor\u010dule traje 15 minuta.<\/p>\n<p><a href=\"http:\/\/www.jadrolinija.hr\/\">Jadrolinija<\/a><\/p>\n<\/div>\n<\/div>\n<\/div>\n","protected":false},"excerpt":{"rendered":"<p>Prikaz ve\u0107e karte Automobilom Ako putujete iz pravca Zagreba i Splita vozite se autoputem sve do Plo\u010da. Iz Plo\u010da do Trpnja ukrcajte se s automobilom na trajekt, te ste iz Trpnja za 20 minuta u Orebi\u0107u. Ukoliko ne preferirate vo\u017enju trajektom, nakon silaska s autoputa, vozite se oko 20 minuta do Jadranske magistrale, te se [&hellip;]<\/p>\n","protected":false},"author":1,"featured_media":0,"parent":0,"menu_order":6,"comment_status":"closed","ping_status":"open","template":"","meta":{"footnotes":""},"class_list":["post-113","page","type-page","status-publish","hentry"],"aioseo_notices":[],"_links":{"self":[{"href":"https:\/\/www.orebicapartments.com\/index.php?rest_route=\/wp\/v2\/pages\/113","targetHints":{"allow":["GET"]}}],"collection":[{"href":"https:\/\/www.orebicapartments.com\/index.php?rest_route=\/wp\/v2\/pages"}],"about":[{"href":"https:\/\/www.orebicapartments.com\/index.php?rest_route=\/wp\/v2\/types\/page"}],"author":[{"embeddable":true,"href":"https:\/\/www.orebicapartments.com\/index.php?rest_route=\/wp\/v2\/users\/1"}],"replies":[{"embeddable":true,"href":"https:\/\/www.orebicapartments.com\/index.php?rest_route=%2Fwp%2Fv2%2Fcomments&post=113"}],"version-history":[{"count":19,"href":"https:\/\/www.orebicapartments.com\/index.php?rest_route=\/wp\/v2\/pages\/113\/revisions"}],"predecessor-version":[{"id":320,"href":"https:\/\/www.orebicapartments.com\/index.php?rest_route=\/wp\/v2\/pages\/113\/revisions\/320"}],"wp:attachment":[{"href":"https:\/\/www.orebicapartments.com\/index.php?rest_route=%2Fwp%2Fv2%2Fmedia&parent=113"}],"curies":[{"name":"wp","href":"https:\/\/api.w.org\/{rel}","templated":true}]}}