{"id":114,"date":"2014-01-27T22:41:10","date_gmt":"2014-01-27T22:41:10","guid":{"rendered":"http:\/\/www.orebicapartments.com\/contacts-3\/"},"modified":"2014-02-04T19:34:57","modified_gmt":"2014-02-04T18:34:57","slug":"contacts-3","status":"publish","type":"page","link":"https:\/\/www.orebicapartments.com\/?page_id=114","title":{"rendered":"Kontakt"},"content":{"rendered":"<div class=\"art-content-layout\">\n<div class=\"art-content-layout-row\">\n<div class=\"art-layout-cell layout-item-0\" style=\"width: 100%;\">\n<p><span style=\"font-weight: bold;\">U svakom trenutku stojimo vam na raspolaganju za sve va\u0161e upite. Kontaktirajte nas slobodno u svako doba na jedan od ni\u017ee navedenih na\u010dina. Velika je vjerojatnost da \u0107ete nas uvijek mo\u0107i dobiti na neki od navedenih telefonskih brojeva. On line rezervacija je tako\u0111er dobrodo\u0161la.<\/span><\/p>\n<p><strong>\u00a0Katica Loli\u0107<\/strong><\/p>\n<p>Ljube Babi\u0107a 7<\/p>\n<p>20250 Orebi\u0107<\/p>\n<p>CROATIA<\/p>\n<p>T: + 385 (0) 20-713-203<br \/>\nF: + 385 (0) 20-713.639<br \/>\nM: + 385 (0) 98-950-72-76<\/p>\n<p>E: \u00a0\u00a0<a href=\"mailto:apartmentskatica@gmail.com\">orebicapartments_email<\/a><br \/>\nW:\u00a0<a href=\"http:\/\/www.orebicapartments.com\">http:\/\/www.orebicapartments.com<\/a><\/p>\n<\/div>\n<\/div>\n<\/div>\n","protected":false},"excerpt":{"rendered":"<p>U svakom trenutku stojimo vam na raspolaganju za sve va\u0161e upite. Kontaktirajte nas slobodno u svako doba na jedan od ni\u017ee navedenih na\u010dina. Velika je vjerojatnost da \u0107ete nas uvijek mo\u0107i dobiti na neki od navedenih telefonskih brojeva. On line rezervacija je tako\u0111er dobrodo\u0161la. \u00a0Katica Loli\u0107 Ljube Babi\u0107a 7 20250 Orebi\u0107 CROATIA T: + 385 [&hellip;]<\/p>\n","protected":false},"author":1,"featured_media":0,"parent":0,"menu_order":7,"comment_status":"closed","ping_status":"open","template":"","meta":{"footnotes":""},"class_list":["post-114","page","type-page","status-publish","hentry"],"aioseo_notices":[],"_links":{"self":[{"href":"https:\/\/www.orebicapartments.com\/index.php?rest_route=\/wp\/v2\/pages\/114","targetHints":{"allow":["GET"]}}],"collection":[{"href":"https:\/\/www.orebicapartments.com\/index.php?rest_route=\/wp\/v2\/pages"}],"about":[{"href":"https:\/\/www.orebicapartments.com\/index.php?rest_route=\/wp\/v2\/types\/page"}],"author":[{"embeddable":true,"href":"https:\/\/www.orebicapartments.com\/index.php?rest_route=\/wp\/v2\/users\/1"}],"replies":[{"embeddable":true,"href":"https:\/\/www.orebicapartments.com\/index.php?rest_route=%2Fwp%2Fv2%2Fcomments&post=114"}],"version-history":[{"count":14,"href":"https:\/\/www.orebicapartments.com\/index.php?rest_route=\/wp\/v2\/pages\/114\/revisions"}],"predecessor-version":[{"id":275,"href":"https:\/\/www.orebicapartments.com\/index.php?rest_route=\/wp\/v2\/pages\/114\/revisions\/275"}],"wp:attachment":[{"href":"https:\/\/www.orebicapartments.com\/index.php?rest_route=%2Fwp%2Fv2%2Fmedia&parent=114"}],"curies":[{"name":"wp","href":"https:\/\/api.w.org\/{rel}","templated":true}]}}